{"id":238,"date":"2021-11-08T08:57:34","date_gmt":"2021-11-08T08:57:34","guid":{"rendered":"https:\/\/evanix.de\/?page_id=238"},"modified":"2021-11-10T15:40:30","modified_gmt":"2021-11-10T15:40:30","slug":"impressum-datenschutz","status":"publish","type":"page","link":"https:\/\/evanix.de\/?page_id=238","title":{"rendered":"Impressum | Datenschutz"},"content":{"rendered":"[vc_row][vc_column][vc_row_inner][vc_column_inner][\/vc_column_inner][\/vc_row_inner][vc_column_text]\n<section class=\"left\">\n<div class=\"row left\">\n<div class=\"fg8 push2\">\n<br \/><\/br><br \/>\n<br \/><\/br><br \/>\n<br \/><\/br><br \/>\n<br \/><\/br><\/p>\n<h2>\n<article class=\"text-center\">IMPRESSUM \u2758 DATENSCHUTZ<\/h2>\n<p><\/br><\/p>\n<h3>Inhaltlich verantwortlich:<\/h3>\n<p><b>Eva Nix<\/b><br \/>\nGrubenallee 34<br \/>\n50169 Kerpen<br \/>\n+49 (0)177 455 25 42<br \/>\n<a href=\"mailto:info@evanix.de\">info(at)evanix.de<\/a><\/p>\n<p>&nbsp;<\/p>\n<p><strong>Design &amp; Fotografie<\/strong><br \/>\nweissrausch | kreativagentur<br \/>\n<a href=\"http:\/\/www.weissraus.ch\" target=\"_blank\" rel=\"noopener\">www.weissraus.ch<\/a><\/p>\n<p>&nbsp;<\/p>\n<section><\/section>\n<section class=\"center\"><strong>Haftungsausschluss<\/strong><br \/>\nTrotz sorgf\u00e4ltiger inhaltlicher Kontrolle \u00fcbernehme ich keine Haftung f\u00fcr die Inhalte externer Links. F\u00fcr den Inhalt der verlinkten Seiten sind ausschlie\u00dflich deren Betreiber verantwortlich.<\/section>\n<p><\/br><\/p>\n<section><\/section>\n<section class=\"center\"><strong>Datenschutz<\/strong><br \/>Die Nutzung dieser Website ist in der Regel ohne Angabe personenbezogener Daten m\u00f6glich. Sofern innerhalb des Internetangebotes die M\u00f6glichkeit zur Eingabe pers\u00f6nlicher oder gesch\u00e4ftlicher Daten (E-Mail-Adressen, Namen, Anschriften) besteht, so erfolgt die Preisgabe dieser Daten seitens des Nutzers auf ausdr\u00fccklich freiwilliger Basis. Die Daten werden vertraulich behandelt und nicht an Dritte weitergegeben. Auch eine Verkn\u00fcpfung mit unten genannten Zugriffsdaten findet nicht statt.<br \/>\nIhr Recht auf Auskunft sowie Berichtigung, L\u00f6schung oder Einschr\u00e4nkung der Bearbeitung Ihrer Daten \u2013 soweit dies aufgrund gegebenenfalls anderer bestehender rechtlicher Pflichten zul\u00e4ssig ist \u2013 k\u00f6nnen Sie jederzeit mir gegen\u00fcber wahrnehmen. Bei der Kontaktaufnahme (z.\u00a0B. per E-Mail) werden die Angaben des Nutzers zwecks Bearbeitung der Anfrage sowie f\u00fcr den Fall, dass Anschlussfragen entstehen, insbesondere zur Durchf\u00fchrung vorvertraglicher Ma\u00dfnahmen verarbeitet.<br \/>\nIch weise darauf hin, dass die Daten\u00fcbertragung im Internet (z.\u00a0B. bei der Kommunikation per E-Mail) Sicherheitsl\u00fccken aufweisen kann. Ein l\u00fcckenloser Schutz der Daten vor dem Zugriff durch Dritte ist nicht m\u00f6glich.<br \/><\/br><strong>Einbindung von Cookies<\/strong><br \/>\nDiese Website verwendet sogenannte Cookies, um die Funktion des Internetauftrittes \u00fcberhaupt erm\u00f6glichen zu k\u00f6nnen. Cookies richten auf Ihrem Rechner keinen Schaden an und enthalten keine Viren. Cookies dienen dazu, mein Angebot nutzerfreundlicher, effektiver und sicherer zu machen. Cookies sind kleine Textdateien, die auf Ihrem Rechner abgelegt werden und die Ihr Browser speichert.<br \/>\nDie meisten der von mir verwendeten Cookies sind sog. \u201eSession-Cookies\u201c. Sie werden nach Ende Ihres Besuchs automatisch gel\u00f6scht. Andere Cookies bleiben auf Ihrem Endger\u00e4t gespeichert, bis Sie diese l\u00f6schen. Diese Cookies erm\u00f6glichen es, Ihren Browser beim n\u00e4chsten Besuch wiederzuerkennen.<br \/>\nSie k\u00f6nnen Ihren Browser so einstellen, dass Sie \u00fcber das Setzen von Cookies informiert werden und Cookies nur im Einzelfall erlauben, die Annahme von Cookies f\u00fcr bestimmte F\u00e4lle oder generell ausschlie\u00dfen sowie das automatische L\u00f6schen der Cookies beim Schlie\u00dfen des Browsers aktivieren. Bei der Deaktivierung von Cookies kann die Funktionalit\u00e4t dieser Website eingeschr\u00e4nkt oder bestimmter Funktionen nicht verf\u00fcgbar sein.<\/p>\n<p><strong>Server-Log-Files<\/strong><br \/>\nDer Provider der Website erhebt und speichert automatisch Informationen in sog. Server-Log-Files, die Ihr Browser automatisch an mich \u00fcbermittelt. Dies sind:<br \/>\n<span style=\"color: #27c1dd;\">x<\/span> Browsertyp und Browserversion<br \/>\n<span style=\"color: #27c1dd;\">x<\/span> verwendetes Betriebssystem<br \/>\n<span style=\"color: #27c1dd;\">x<\/span> Referrer URL<br \/>\n<span style=\"color: #27c1dd;\">x<\/span> Hostname des zugreifenden Rechners<br \/>\n<span style=\"color: #27c1dd;\">x<\/span> Uhrzeit der Serveranfrage<br \/>\nDiese Daten sind nicht bestimmten Personen zuordenbar. Eine Zusammenf\u00fchrung dieser Daten mit anderen Datenquellen wird nicht vorgenommen. Ich behalte mir vor, diese Daten nachtr\u00e4glich zu pr\u00fcfen, wenn mir konkrete Anhaltspunkte f\u00fcr eine rechtswidrige Nutzung bekannt werden.<\/p>\n<p><strong>Verwendung von Google Analytics<\/strong><br \/>\nDiese Website benutzt Google Analytics, einen Webanalysedienst der Google Inc. (folgend: Google). Google Analytics verwendet sog. \u201eCookies\u201c, also Textdateien, die auf Ihrem Computer gespeichert werden und die eine Analyse der Benutzung der Webseite durch Sie erm\u00f6glichen. Die durch das Cookie erzeugten Informationen \u00fcber Ihre Benutzung dieser Webseite werden in der Regel an einen Server von Google in den USA \u00fcbertragen und dort gespeichert. Aufgrund der Aktivierung der IP-Anonymisierung auf diesen Webseiten wird Ihre IP-Adresse von Google jedoch innerhalb von Mitgliedstaaten der Europ\u00e4ischen Union oder in anderen Vertragsstaaten des Abkommens \u00fcber den Europ\u00e4ischen Wirtschaftsraum zuvor gek\u00fcrzt. Nur in Ausnahmef\u00e4llen wird die volle IP-Adresse an einen Server von Google in den USA \u00fcbertragen und dort gek\u00fcrzt. Im Auftrag des Betreibers dieser Website wird Google diese Informationen benutzen, um Ihre Nutzung der Webseite auszuwerten, um Reports \u00fcber die Webseitenaktivit\u00e4ten zusammenzustellen und um weitere mit der Websitenutzung und der Internetnutzung verbundene Dienstleistungen mir gegen\u00fcber zu erbringen. Die im Rahmen von Google Analytics von Ihrem Browser \u00fcbermittelte IP-Adresse wird nicht mit anderen Daten von Google zusammengef\u00fchrt. Die Zwecke der Datenverarbeitung liegen in der Auswertung der Nutzung der Website und in der Zusammenstellung von Reports \u00fcber Aktivit\u00e4ten auf der Website. Auf Grundlage der Nutzung der Website und des Internets sollen dann weitere verbundene Dienstleistungen erbracht werden. Die Verarbeitung beruht auf meinem berechtigten Interesse. Sie k\u00f6nnen die Speicherung der Cookies durch eine entsprechende Einstellung Ihrer Browser-Software verhindern; ich weise Sie jedoch darauf hin, dass Sie in diesem Fall gegebenenfalls nicht s\u00e4mtliche Funktionen dieser Website vollumf\u00e4nglich werden nutzen k\u00f6nnen. Sie k\u00f6nnen dar\u00fcber hinaus die Erfassung der durch das Cookie erzeugten und auf Ihre Nutzung der Webseite bezogenen Daten (inkl. Ihrer IP-Adresse) an Google sowie die Verarbeitung dieser Daten durch Google verhindern, indem sie das unter dem folgenden Link verf\u00fcgbare Browser-Plugin herunterladen und installieren:<br \/>\n<a href=\"https:\/\/tools.google.com\/dlpage\/gaoptout?hl=de\" target=\"_blank\" rel=\"noopener\">Browser Add On zur Deaktivierung von Google Analytics<\/a>.<\/p>\n<\/section>\n<\/div>\n<\/div>\n<\/section>\n<p><\/br><\/p>\n<article class=\"text-center\">\u00a9 2021 Eva Nix | <a href=\"http:\/\/evanix.de\">Zur\u00fcck zur Seite<\/a><\/article>\n<p><script src=\"js\/jquery-1.10.2.js\"><\/script><br \/>\n<script src=\"js\/smooth-scroll.js\"><\/script><br \/>\n<script src=\"js\/skrollr.js\"><\/script><br \/>\n<script type=\"text\/javascript\"><br \/>\nif(!(\/Android|iPhone|iPad|iPod|BlackBerry|Windows Phone\/i).test(navigator.userAgent || navigator.vendor || window.opera)){<br \/>\n    skrollr.init({<br \/>\n        forceHeight: false<br \/>\n    });<br \/>\n}<br \/>\n<\/script><\/p>\n<p><!-- skrollr.init({forceHeight: false});-->[\/vc_column_text][\/vc_column][\/vc_row]\n","protected":false},"excerpt":{"rendered":"<p>[vc_row][vc_column][vc_row_inner][vc_column_inner][\/vc_column_inner][\/vc_row_inner][vc_column_text] IMPRESSUM \u2758 DATENSCHUTZ Inhaltlich verantwortlich: Eva Nix Grubenallee 34 50169 Kerpen +49 (0)177 455 25 42 info(at)evanix.de &nbsp; Design &amp; Fotografie weissrausch | kreativagentur&hellip;<\/p>\n","protected":false},"author":1,"featured_media":0,"parent":2,"menu_order":1,"comment_status":"closed","ping_status":"closed","template":"","meta":{"footnotes":""},"class_list":["post-238","page","type-page","status-publish","hentry"],"_links":{"self":[{"href":"https:\/\/evanix.de\/index.php?rest_route=\/wp\/v2\/pages\/238","targetHints":{"allow":["GET"]}}],"collection":[{"href":"https:\/\/evanix.de\/index.php?rest_route=\/wp\/v2\/pages"}],"about":[{"href":"https:\/\/evanix.de\/index.php?rest_route=\/wp\/v2\/types\/page"}],"author":[{"embeddable":true,"href":"https:\/\/evanix.de\/index.php?rest_route=\/wp\/v2\/users\/1"}],"replies":[{"embeddable":true,"href":"https:\/\/evanix.de\/index.php?rest_route=%2Fwp%2Fv2%2Fcomments&post=238"}],"version-history":[{"count":11,"href":"https:\/\/evanix.de\/index.php?rest_route=\/wp\/v2\/pages\/238\/revisions"}],"predecessor-version":[{"id":251,"href":"https:\/\/evanix.de\/index.php?rest_route=\/wp\/v2\/pages\/238\/revisions\/251"}],"up":[{"embeddable":true,"href":"https:\/\/evanix.de\/index.php?rest_route=\/wp\/v2\/pages\/2"}],"wp:attachment":[{"href":"https:\/\/evanix.de\/index.php?rest_route=%2Fwp%2Fv2%2Fmedia&parent=238"}],"curies":[{"name":"wp","href":"https:\/\/api.w.org\/{rel}","templated":true}]}}