{"id":9,"date":"2021-10-09T20:02:26","date_gmt":"2021-10-09T20:02:26","guid":{"rendered":"https:\/\/evanix.de\/?page_id=9"},"modified":"2022-02-22T14:37:40","modified_gmt":"2022-02-22T14:37:40","slug":"startseite","status":"publish","type":"page","link":"https:\/\/evanix.de\/","title":{"rendered":"Eva Nix | Lektorat + Text"},"content":{"rendered":"[vc_row thb_row_padding=&#8220;true&#8220; full_height=&#8220;true&#8220; columns_placement=&#8220;bottom&#8220; content_placement=&#8220;bottom&#8220; ll_width=&#8220;true&#8220; css=&#8220;.vc_custom_1636037758164{padding-bottom: 10% !important;background-image: url(https:\/\/evanix.de\/wp-content\/uploads\/2021\/11\/diamant-1.jpg?id=27) !important;background-position: center !important;background-repeat: no-repeat !important;background-size: cover !important;}&#8220;][vc_column thb_color=&#8220;thb-light-column&#8220; el_class=&#8220;text-center&#8220;][vc_row_inner thb_row_padding=&#8220;true&#8220; el_class=&#8220;align-center&#8220;][vc_column_inner offset=&#8220;vc_col-lg-5 vc_col-md-8&#8243;][vc_column_text animation=&#8220;animation bottom-to-top&#8220; el_class=&#8220;text-center&#8220; css=&#8220;.vc_custom_1636559165045{border-right-width: 20px !important;border-left-width: 20px !important;}&#8220;]\n<h2><strong>Stellen Sie sich vor,<br \/>\n<\/strong><strong>Ihre Lesenden reagieren so:<br \/>\n\u201eWow, das mag\/brauch\/will ich!\u201c<br \/>\nKlingt verlockend, oder? Mit einem Lektorat poliere ich Ihre Texte, damit sie gern gelesen werden und Ihre Botschaft strahlt!<\/strong><\/h2>\n<h1 style=\"text-align: center;\"><\/h1>\n[\/vc_column_text][vc_empty_space height=&#8220;20px&#8220;][vc_empty_space height=&#8220;35px&#8220;]\t<a class=\"btn pill alt  white animation bottom-to-top large \" href=\"mailto:info@evanix.de\" target=\"_self\" role=\"button\" title=\"Textschliff anfragen\"><span>Textschliff anfragen<\/span><\/a>\n\n\t[\/vc_column_inner][\/vc_row_inner][\/vc_column][\/vc_row][vc_row el_class=&#8220;align-center&#8220;][vc_column][vc_empty_space height=&#8220;60px&#8220;][vc_btn title=&#8220;WAS&#8220; color=&#8220;info&#8220; align=&#8220;left&#8220;][\/vc_column][vc_column offset=&#8220;vc_col-lg-5 vc_col-md-8&#8243; el_class=&#8220;text-center&#8220;][vc_row_inner][vc_column_inner][vc_empty_space height=&#8220;80px&#8220;][\/vc_column_inner][\/vc_row_inner][vc_empty_space height=&#8220;80px&#8220;][vc_column_text]\n<h1 style=\"text-align: center;\">Klar. Packend.<br \/>\nAuf den Punkt.<\/h1>\n[\/vc_column_text][vc_empty_space height=&#8220;50px&#8220;][vc_column_text]Alle, die schon mal einen Text geschrieben haben, wissen, wie viel Herzblut, Energie und Zeit drinstecken. Und am Ende sind Sie froh, dass er fertig ist. Aber hat Ihr Text auch das Zeug zum \u201eBling-Bling\u201c, damit die Lesenden zugreifen? Was Ihr \u201eRohdiamant\u201c jetzt braucht: Stimmigkeit, Perfektion, Habenwollen. Gut, dass Sie mich gefunden haben, denn ich bin Ihre \u201eSchleiftextpertin\u201c![\/vc_column_text][\/vc_column][vc_column][\/vc_column][\/vc_row][vc_row thb_full_width=&#8220;true&#8220; thb_row_padding=&#8220;true&#8220; full_height=&#8220;true&#8220; el_class=&#8220;align-center&#8220; css=&#8220;.vc_custom_1636384697004{padding-bottom: 10vh !important;}&#8220;][vc_column offset=&#8220;vc_col-lg-10&#8243;][vc_row_inner][vc_column_inner width=&#8220;1\/3&#8243;]\t<div id=\"thb-iconbox-69e1149d01120\" class=\"thb-iconbox top type1 text-center animation-true\" href=\"\" target=\"\" data-animation_speed=\"1.5\">\n\t\t\t\t\t\t<figure class=\"iconbox-image\">\n\t\t\t\t\t<\/figure>\n\t\t\t\t<div class=\"iconbox-content\">\n\t\t\t\t\t\t\t<h5>Korrektorat<\/h5>\n\t\t\t\t\t\t<p>Worte wirken nur, wenn die Lesenden sie verstehen, wenn sie also korrekt (geschrieben und gew\u00e4hlt) sind. Daher pr\u00fcfe ich Ihre Texte u. a. auf Rechtschreibung, Grammatik, Einheitlichkeit und Stil \u2013 Aufgaben der Korrektur.<\/p>\n<p>Bei der Schlusskorrektur checke ich vor Druck auch Layout, Umbr\u00fcche, Paginierung, Verzeichnis, Bildunterschriften etc., damit Ihre Texte nicht nur inhaltlich, sondern auch optisch strahlen.<\/p>\n\t\t<\/div>\n\t\t<style>\n\t\t\t\t\t\t\t\t\t\t\t\t\t\t\t\t#thb-iconbox-69e1149d01120.thb-iconbox .iconbox-image img {\n\t\t\t\t\twidth: 114px;\n\t\t\t\t\theight: auto;\n\t\t\t\t}\n\t\t\t\t\t\t\t\t\t\t\t<\/style>\n\t<\/div>\n\t[\/vc_column_inner][vc_column_inner width=&#8220;1\/3&#8243;]\t<div id=\"thb-iconbox-69e1149d08444\" class=\"thb-iconbox top type1 text-center animation-true\" href=\"\" target=\"\" data-animation_speed=\"1.5\">\n\t\t\t\t\t\t<figure class=\"iconbox-image\">\n\t\t\t\t\t<\/figure>\n\t\t\t\t<div class=\"iconbox-content\">\n\t\t\t\t\t\t\t<h5>(Werbe-)Lektorat<\/h5>\n\t\t\t\t\t\t<p>Der Feinschliff im Finish: Im Lektorat pr\u00fcfe ich den Text auf Stringenz und logische Ungereimtheiten. Und \u2013 falls n\u00f6tig \u2013 feile ich inhaltlich und sprachlich so lange, bis Ihr Textschmuckst\u00fcck gl\u00e4nzt!<\/p>\n<p>Bevor Sie den Text zur\u00fcckerhalten, lese ich nat\u00fcrlich noch einmal Korrektur \u2013 sicher ist sicher.<\/p>\n\t\t<\/div>\n\t\t<style>\n\t\t\t\t\t\t\t\t\t\t\t\t\t\t\t\t#thb-iconbox-69e1149d08444.thb-iconbox .iconbox-image img {\n\t\t\t\t\twidth: 114px;\n\t\t\t\t\theight: auto;\n\t\t\t\t}\n\t\t\t\t\t\t\t\t\t\t\t<\/style>\n\t<\/div>\n\t[\/vc_column_inner][vc_column_inner width=&#8220;1\/3&#8243;]\t<div id=\"thb-iconbox-69e1149d08fbc\" class=\"thb-iconbox top type1 text-center animation-true\" href=\"\" target=\"\" data-animation_speed=\"1.5\">\n\t\t\t\t\t\t<figure class=\"iconbox-image\">\n\t\t\t\t\t<\/figure>\n\t\t\t\t<div class=\"iconbox-content\">\n\t\t\t\t\t\t\t<h5>Text<\/h5>\n\t\t\t\t\t\t<p>Ob Webseiten, Blogartikel, Brosch\u00fcren, Flyer oder Gesch\u00e4ftsberichte: Damit ein Text gerne gelesen wird, m\u00fcssen die Lesenden Spa\u00df an diesem haben \u2013 er muss sie emotional locken und packen.<\/p>\n<p>Sie liefern grob Inhalte und Informationen, ich texte, pr\u00fcfe und poliere, bis Ihre Botschaft glasklar ist und Ihre Lesenden \u00fcberzeugt!<\/p>\n\t\t<\/div>\n\t\t<style>\n\t\t\t\t\t\t\t\t\t\t\t\t\t\t\t\t#thb-iconbox-69e1149d08fbc.thb-iconbox .iconbox-image img {\n\t\t\t\t\twidth: 130px;\n\t\t\t\t\theight: auto;\n\t\t\t\t}\n\t\t\t\t\t\t\t\t\t\t\t<\/style>\n\t<\/div>\n\t[\/vc_column_inner][\/vc_row_inner][vc_row_inner][vc_column_inner][vc_empty_space height=&#8220;80px&#8220;][\/vc_column_inner][\/vc_row_inner][\/vc_column][\/vc_row][vc_row thb_full_width=&#8220;true&#8220; css=&#8220;.vc_custom_1637242401494{background-image: url(https:\/\/evanix.de\/wp-content\/uploads\/2021\/11\/main_01.jpg?id=14) !important;}&#8220;][vc_column][vc_column][\/vc_column][\/vc_column][vc_empty_space height=&#8220;60px&#8220;][vc_btn title=&#8220;WER&#8220; color=&#8220;info&#8220; align=&#8220;left&#8220;][vc_column thb_color=&#8220;thb-light-column&#8220; el_class=&#8220;text-center&#8220;][vc_empty_space height=&#8220;80px&#8220;][vc_column_text]\n<h1 style=\"text-align: center;\">Eva Nix.<br \/>\nFreie Lektorin. Texterin.<\/h1>\n[vc_empty_space height=&#8220;50px&#8220;][vc_column_text animation=&#8220;animation fade-in&#8220; css=&#8220;.vc_custom_1636389165807{padding-right: 20px !important;padding-left: 20px !important;background-position: 0 0 !important;background-repeat: no-repeat !important;}&#8220; el_class=&#8220;text-center&#8220;]Man sagt mir nach, ich sei kritisch. Stimmt \u2013 und deshalb perfekt geeignet, Ihre Textschleiferin zu sein! Denn ich feile, schleife und poliere so lange an Ihrem \u201eRohmineral\u201c, sprich Text, herum, bis daraus ein wertvoller Diamant entsteht, der Ihre Botschaft lupenrein ausstrahlt.[\/vc_column_text][vc_empty_space height=&#8220;35px&#8220;]\t<a class=\"btn pill alt  white animation bottom-to-top large \" href=\"mailto:info@evanix.de\" target=\"_self\" role=\"button\" title=\"Ja, meine Botschaft soll strahlen!\"><span>Ja, meine Botschaft soll strahlen!<\/span><\/a>\n\n\t[vc_empty_space height=&#8220;35px&#8220;][\/vc_column][\/vc_row][vc_row thb_full_width=&#8220;true&#8220; el_class=&#8220;align-center&#8220;][vc_column][vc_empty_space height=&#8220;60px&#8220;][vc_btn title=&#8220;F\u00dcR WEN&#8220; color=&#8220;info&#8220; align=&#8220;left&#8220;][\/vc_column][vc_column offset=&#8220;vc_col-lg-5 vc_col-md-8&#8243; el_class=&#8220;text-center&#8220;][vc_empty_space][vc_empty_space height=&#8220;80px&#8220;][vc_column_text]\n<h1 style=\"text-align: center;\">Agenturen. Medien. Unternehmen.<\/h1>\n[\/vc_column_text][vc_empty_space height=&#8220;50px&#8220;][\/vc_column][vc_column][\/vc_column][\/vc_row][vc_row el_class=&#8220;align-center&#8220; css=&#8220;.vc_custom_1505812165883{padding-bottom: 10vh !important;}&#8220;][vc_column offset=&#8220;vc_col-lg-10&#8243;][vc_row_inner][vc_column_inner width=&#8220;1\/3&#8243;]\t<a id=\"thb-iconbox-69e1149d0a117\" class=\"has-link thb-iconbox top type1 text-center animation-true\" href=\"http:\/\/www.solebich.de\" target=\"_blank\" data-animation_speed=\"1.5\">\n\t\t\t\t\t\t<figure class=\"iconbox-image\">\n\t\t\t\t\t<\/figure>\n\t\t\t\t<div class=\"iconbox-content\">\n\t\t\t\t\t\t\t<h5>So leb ich<\/h5>\n\t\t\t\t\t\t<p>Lektorat, Korrektorat<\/p>\n\t\t<\/div>\n\t\t<style>\n\t\t\t\t\t\t\t\t\t\t\t\t\t\t\t\t#thb-iconbox-69e1149d0a117.thb-iconbox .iconbox-image img {\n\t\t\t\t\twidth: 114px;\n\t\t\t\t\theight: auto;\n\t\t\t\t}\n\t\t\t\t\t\t\t\t\t\t\t<\/style>\n\t<\/a>\n\t[\/vc_column_inner][vc_column_inner width=&#8220;1\/3&#8243;]\t<a id=\"thb-iconbox-69e1149d0a1da\" class=\"has-link thb-iconbox top type1 text-center animation-true\" href=\"https:\/\/www.moewe-communication.de\" target=\"_blank\" data-animation_speed=\"1.5\">\n\t\t\t\t\t\t<figure class=\"iconbox-image\">\n\t\t\t\t\t<\/figure>\n\t\t\t\t<div class=\"iconbox-content\">\n\t\t\t\t\t\t\t<h5>moewe communication group<\/h5>\n\t\t\t\t\t\t<p>Text, Lektorat, Korrektorat<\/p>\n\t\t<\/div>\n\t\t<style>\n\t\t\t\t\t\t\t\t\t\t\t\t\t\t\t\t#thb-iconbox-69e1149d0a1da.thb-iconbox .iconbox-image img {\n\t\t\t\t\twidth: 114px;\n\t\t\t\t\theight: auto;\n\t\t\t\t}\n\t\t\t\t\t\t\t\t\t\t\t<\/style>\n\t<\/a>\n\t[\/vc_column_inner][vc_column_inner width=&#8220;1\/3&#8243;]\t<a id=\"thb-iconbox-69e1149d0a280\" class=\"has-link thb-iconbox top type1 text-center animation-true\" href=\"http:\/\/www.darin.de\" target=\"_blank\" data-animation_speed=\"1.5\">\n\t\t\t\t\t\t<figure class=\"iconbox-image\">\n\t\t\t\t\t<\/figure>\n\t\t\t\t<div class=\"iconbox-content\">\n\t\t\t\t\t\t\t<h5>Textagentur Da Rin<\/h5>\n\t\t\t\t\t\t<p>Lektorat, Korrektorat, Text, Recherche<\/p>\n\t\t<\/div>\n\t\t<style>\n\t\t\t\t\t\t\t\t\t\t\t\t\t\t\t\t#thb-iconbox-69e1149d0a280.thb-iconbox .iconbox-image img {\n\t\t\t\t\twidth: 130px;\n\t\t\t\t\theight: auto;\n\t\t\t\t}\n\t\t\t\t\t\t\t\t\t\t\t<\/style>\n\t<\/a>\n\t[\/vc_column_inner][\/vc_row_inner][\/vc_column][\/vc_row][vc_row el_class=&#8220;align-center&#8220; css=&#8220;.vc_custom_1505812165883{padding-bottom: 10vh !important;}&#8220;][vc_column offset=&#8220;vc_col-lg-10&#8243;][vc_row_inner][vc_column_inner width=&#8220;1\/3&#8243;]\t<a id=\"thb-iconbox-69e1149d0a31f\" class=\"has-link thb-iconbox top type1 text-center animation-true\" href=\"http:\/\/www.weissraus.ch\" target=\"_blank\" data-animation_speed=\"1.5\">\n\t\t\t\t\t\t<figure class=\"iconbox-image\">\n\t\t\t\t\t<\/figure>\n\t\t\t\t<div class=\"iconbox-content\">\n\t\t\t\t\t\t\t<h5>weissrausch<\/h5>\n\t\t\t\t\t\t<p>Text, Lektorat, Korrektorat<\/p>\n\t\t<\/div>\n\t\t<style>\n\t\t\t\t\t\t\t\t\t\t\t\t\t\t\t\t#thb-iconbox-69e1149d0a31f.thb-iconbox .iconbox-image img {\n\t\t\t\t\twidth: 114px;\n\t\t\t\t\theight: auto;\n\t\t\t\t}\n\t\t\t\t\t\t\t\t\t\t\t<\/style>\n\t<\/a>\n\t[\/vc_column_inner][vc_column_inner width=&#8220;1\/3&#8243;]\t<a id=\"thb-iconbox-69e1149d0a3bc\" class=\"has-link thb-iconbox top type1 text-center animation-true\" href=\"http:\/\/www.bordbar.de\" target=\"_blank\" data-animation_speed=\"1.5\">\n\t\t\t\t\t\t<figure class=\"iconbox-image\">\n\t\t\t\t\t<\/figure>\n\t\t\t\t<div class=\"iconbox-content\">\n\t\t\t\t\t\t\t<h5>bordbar<\/h5>\n\t\t\t\t\t\t<p>Text, Lektorat, Korrektorat<\/p>\n\t\t<\/div>\n\t\t<style>\n\t\t\t\t\t\t\t\t\t\t\t\t\t\t\t\t#thb-iconbox-69e1149d0a3bc.thb-iconbox .iconbox-image img {\n\t\t\t\t\twidth: 114px;\n\t\t\t\t\theight: auto;\n\t\t\t\t}\n\t\t\t\t\t\t\t\t\t\t\t<\/style>\n\t<\/a>\n\t[\/vc_column_inner][vc_column_inner width=&#8220;1\/3&#8243;]\t<a id=\"thb-iconbox-69e1149d0a488\" class=\"has-link thb-iconbox top type1 text-center animation-true\" href=\"http:\/\/www.allradler.com\" target=\"_blank\" data-animation_speed=\"1.5\">\n\t\t\t\t\t\t<figure class=\"iconbox-image\">\n\t\t\t\t\t<\/figure>\n\t\t\t\t<div class=\"iconbox-content\">\n\t\t\t\t\t\t\t<h5>Allradler \u2013 Das Abenteuer Offroad Magazin<\/h5>\n\t\t\t\t\t\t<p>Lektorat, Korrektur<\/p>\n\t\t<\/div>\n\t\t<style>\n\t\t\t\t\t\t\t\t\t\t\t\t\t\t\t\t#thb-iconbox-69e1149d0a488.thb-iconbox .iconbox-image img {\n\t\t\t\t\twidth: 130px;\n\t\t\t\t\theight: auto;\n\t\t\t\t}\n\t\t\t\t\t\t\t\t\t\t\t<\/style>\n\t<\/a>\n\t[\/vc_column_inner][\/vc_row_inner][\/vc_column][\/vc_row][vc_row el_class=&#8220;align-center&#8220; css=&#8220;.vc_custom_1505812165883{padding-bottom: 10vh !important;}&#8220;][vc_column offset=&#8220;vc_col-lg-10&#8243;][vc_row_inner][vc_column_inner width=&#8220;1\/3&#8243;]\t<a id=\"thb-iconbox-69e1149d0a529\" class=\"has-link thb-iconbox top type1 text-center animation-true\" href=\"https:\/\/www.winfried-koesters.de\" target=\"_blank\" data-animation_speed=\"1.5\">\n\t\t\t\t\t\t<figure class=\"iconbox-image\">\n\t\t\t\t\t<\/figure>\n\t\t\t\t<div class=\"iconbox-content\">\n\t\t\t\t\t\t\t<h5>Dr. Winfried K\u00f6sters<\/h5>\n\t\t\t\t\t\t<p>Recherche, Informationsaufbereitung<\/p>\n\t\t<\/div>\n\t\t<style>\n\t\t\t\t\t\t\t\t\t\t\t\t\t\t\t\t#thb-iconbox-69e1149d0a529.thb-iconbox .iconbox-image img {\n\t\t\t\t\twidth: 114px;\n\t\t\t\t\theight: auto;\n\t\t\t\t}\n\t\t\t\t\t\t\t\t\t\t\t<\/style>\n\t<\/a>\n\t[\/vc_column_inner][vc_column_inner width=&#8220;1\/3&#8243;]\t<a id=\"thb-iconbox-69e1149d0a5c3\" class=\"has-link thb-iconbox top type1 text-center animation-true\" href=\"https:\/\/www.tgc-solutions.com\" target=\"_blank\" data-animation_speed=\"1.5\">\n\t\t\t\t\t\t<figure class=\"iconbox-image\">\n\t\t\t\t\t<\/figure>\n\t\t\t\t<div class=\"iconbox-content\">\n\t\t\t\t\t\t\t<h5>TGC Group<\/h5>\n\t\t\t\t\t\t<p>Lektorat<\/p>\n\t\t<\/div>\n\t\t<style>\n\t\t\t\t\t\t\t\t\t\t\t\t\t\t\t\t#thb-iconbox-69e1149d0a5c3.thb-iconbox .iconbox-image img {\n\t\t\t\t\twidth: 114px;\n\t\t\t\t\theight: auto;\n\t\t\t\t}\n\t\t\t\t\t\t\t\t\t\t\t<\/style>\n\t<\/a>\n\t[\/vc_column_inner][vc_column_inner width=&#8220;1\/3&#8243;]\t<a id=\"thb-iconbox-69e1149d0a65c\" class=\"has-link thb-iconbox top type1 text-center animation-true\" href=\"http:\/\/www.buddysknife.de\" target=\"_blank\" data-animation_speed=\"1.5\">\n\t\t\t\t\t\t<figure class=\"iconbox-image\">\n\t\t\t\t\t<\/figure>\n\t\t\t\t<div class=\"iconbox-content\">\n\t\t\t\t\t\t\t<h5>buddy\u2019s knife jazz edition<\/h5>\n\t\t\t\t\t\t<p>Lektorat, Korrektorat, Recherche<\/p>\n\t\t<\/div>\n\t\t<style>\n\t\t\t\t\t\t\t\t\t\t\t\t\t\t\t\t#thb-iconbox-69e1149d0a65c.thb-iconbox .iconbox-image img {\n\t\t\t\t\twidth: 130px;\n\t\t\t\t\theight: auto;\n\t\t\t\t}\n\t\t\t\t\t\t\t\t\t\t\t<\/style>\n\t<\/a>\n\t[\/vc_column_inner][\/vc_row_inner][\/vc_column][\/vc_row][vc_row][vc_column][vc_column_text]<a name=\"WO\"><\/a>[\/vc_column_text][\/vc_column][\/vc_row][vc_row thb_full_width=&#8220;true&#8220; thb_row_padding=&#8220;true&#8220;][vc_column][vc_empty_space height=&#8220;60px&#8220;][vc_btn title=&#8220;WO&#8220; color=&#8220;info&#8220; align=&#8220;left&#8220; css=&#8220;.vc_custom_1636470534964{margin-left: 50px !important;}&#8220;][\/vc_column][vc_column]\t<div class=\"contact_map\" style=\"height:60vh\" data-map-style=\"[\n    {\n        &quot;featureType&quot;: &quot;all&quot;,\n        &quot;elementType&quot;: &quot;labels.text.fill&quot;,\n        &quot;stylers&quot;: [\n            {\n                &quot;saturation&quot;: 36\n            },\n            {\n                &quot;color&quot;: &quot;#000000&quot;\n            },\n            {\n                &quot;lightness&quot;: 40\n            }\n        ]\n    },\n    {\n        &quot;featureType&quot;: &quot;all&quot;,\n        &quot;elementType&quot;: &quot;labels.text.stroke&quot;,\n        &quot;stylers&quot;: [\n            {\n                &quot;visibility&quot;: &quot;on&quot;\n            },\n            {\n                &quot;color&quot;: &quot;#000000&quot;\n            },\n            {\n                &quot;lightness&quot;: 16\n            }\n        ]\n    },\n    {\n        &quot;featureType&quot;: &quot;all&quot;,\n        &quot;elementType&quot;: &quot;labels.icon&quot;,\n        &quot;stylers&quot;: [\n            {\n                &quot;visibility&quot;: &quot;off&quot;\n            }\n        ]\n    },\n    {\n        &quot;featureType&quot;: &quot;administrative&quot;,\n        &quot;elementType&quot;: &quot;geometry.fill&quot;,\n        &quot;stylers&quot;: [\n            {\n                &quot;color&quot;: &quot;#000000&quot;\n            },\n            {\n                &quot;lightness&quot;: 20\n            }\n        ]\n    },\n    {\n        &quot;featureType&quot;: &quot;administrative&quot;,\n        &quot;elementType&quot;: &quot;geometry.stroke&quot;,\n        &quot;stylers&quot;: [\n            {\n                &quot;color&quot;: &quot;#000000&quot;\n            },\n            {\n                &quot;lightness&quot;: 17\n            },\n            {\n                &quot;weight&quot;: 1.2\n            }\n        ]\n    },\n    {\n        &quot;featureType&quot;: &quot;landscape&quot;,\n        &quot;elementType&quot;: &quot;geometry&quot;,\n        &quot;stylers&quot;: [\n            {\n                &quot;color&quot;: &quot;#000000&quot;\n            },\n            {\n                &quot;lightness&quot;: 20\n            }\n        ]\n    },\n    {\n        &quot;featureType&quot;: &quot;poi&quot;,\n        &quot;elementType&quot;: &quot;geometry&quot;,\n        &quot;stylers&quot;: [\n            {\n                &quot;color&quot;: &quot;#000000&quot;\n            },\n            {\n                &quot;lightness&quot;: 21\n            }\n        ]\n    },\n    {\n        &quot;featureType&quot;: &quot;road.highway&quot;,\n        &quot;elementType&quot;: &quot;geometry.fill&quot;,\n        &quot;stylers&quot;: [\n            {\n                &quot;color&quot;: &quot;#000000&quot;\n            },\n            {\n                &quot;lightness&quot;: 17\n            }\n        ]\n    },\n    {\n        &quot;featureType&quot;: &quot;road.highway&quot;,\n        &quot;elementType&quot;: &quot;geometry.stroke&quot;,\n        &quot;stylers&quot;: [\n            {\n                &quot;color&quot;: &quot;#000000&quot;\n            },\n            {\n                &quot;lightness&quot;: 29\n            },\n            {\n                &quot;weight&quot;: 0.2\n            }\n        ]\n    },\n    {\n        &quot;featureType&quot;: &quot;road.arterial&quot;,\n        &quot;elementType&quot;: &quot;geometry&quot;,\n        &quot;stylers&quot;: [\n            {\n                &quot;color&quot;: &quot;#000000&quot;\n            },\n            {\n                &quot;lightness&quot;: 18\n            }\n        ]\n    },\n    {\n        &quot;featureType&quot;: &quot;road.local&quot;,\n        &quot;elementType&quot;: &quot;geometry&quot;,\n        &quot;stylers&quot;: [\n            {\n                &quot;color&quot;: &quot;#000000&quot;\n            },\n            {\n                &quot;lightness&quot;: 16\n            }\n        ]\n    },\n    {\n        &quot;featureType&quot;: &quot;transit&quot;,\n        &quot;elementType&quot;: &quot;geometry&quot;,\n        &quot;stylers&quot;: [\n            {\n                &quot;color&quot;: &quot;#000000&quot;\n            },\n            {\n                &quot;lightness&quot;: 19\n            }\n        ]\n    },\n    {\n        &quot;featureType&quot;: &quot;water&quot;,\n        &quot;elementType&quot;: &quot;geometry&quot;,\n        &quot;stylers&quot;: [\n            {\n                &quot;color&quot;: &quot;#000000&quot;\n            },\n            {\n                &quot;lightness&quot;: 17\n            }\n        ]\n    }\n]\" data-map-zoom=\"2\" data-map-type=\"roadmap\" data-pan-control=\"1\" data-zoom-control=\"1\" data-maptype-control=\"\" data-scale-control=\"1\" data-streetview-control=\"\">\n\t\t\n\t<input class=\"thb-location\" type=\"hidden\" data-option=\"{&quot;marker_image&quot;:&quot;https:\\\/\\\/evanix.de\\\/wp-content\\\/uploads\\\/2021\\\/11\\\/logo_b-1.png&quot;,&quot;marker_title&quot;:&quot;Eva Nix | Lektorat + Text&quot;,&quot;marker_description&quot;:&quot;&quot;,&quot;marker_size&quot;:[103,25],&quot;retina_marker&quot;:&quot;yes&quot;,&quot;latitude&quot;:&quot;50.903155675211906&quot;,&quot;longitude&quot;:&quot;6.721437211179011&quot;}\" \/>\n\n\t\t<\/div>\n\t[\/vc_column][\/vc_row][vc_row css=&#8220;.vc_custom_1503596888127{padding-top: 10vh !important;padding-bottom: 15vh !important;}&#8220;][vc_column width=&#8220;1\/4&#8243;][vc_row_inner][vc_column_inner][\/vc_column_inner][\/vc_row_inner][vc_column_text]\n<h5>Eva Nix M. A.<\/h5>\n<p>Lektorat + Text<\/p>\n<p>Mitglied im <a href=\"https:\/\/www.lektoren.de\/profil\/eva-nix-m\" target=\"_blank\" rel=\"noopener\">VFLL &#8211; Verband der Freien Lektorinnen und Lektoren<\/a>[\/vc_column_text][vc_empty_space height=&#8220;40px&#8220;][vc_column_text el_class=&#8220;small-text&#8220;]Grubenallee 34<br \/>\n50169 Kerpen<\/p>\n<p>+49 (0)177 455 25 42<br \/>\n<a href=\"mailto:info@evanix.de\">info(at)evanix.de<\/a>[\/vc_column_text][vc_empty_space height=&#8220;30px&#8220;][vc_empty_space height=&#8220;30px&#8220;][vc_column_text el_class=&#8220;small-text&#8220;]\n<div>\n<p align=\"center\">\u00a9 2022 Eva Nix |<span class=\"apple-converted-space\">\u00a0<\/span><a href=\"https:\/\/evanix.de\/?page_id=238\">Impressum \u2758 Datenschutz<\/a><\/p>\n<\/div>\n[\/vc_column_text][\/vc_column][vc_column width=&#8220;3\/4&#8243; css=&#8220;.vc_custom_1503596896491{padding-left: 15% !important;}&#8220;][vc_column_text]So unterschiedlich die Projekte, so auch die Texte. Da keiner\u00a0dem anderen gleicht:<br \/>\nf\u00fcr eine Kostensch\u00e4tzung gern anrufen oder mailen.[\/vc_column_text][vc_empty_space height=&#8220;40px&#8220;][\/vc_column][\/vc_row]\n","protected":false},"excerpt":{"rendered":"<p>[vc_row thb_row_padding=&#8220;true&#8220; full_height=&#8220;true&#8220; columns_placement=&#8220;bottom&#8220; content_placement=&#8220;bottom&#8220; ll_width=&#8220;true&#8220; css=&#8220;.vc_custom_1636037758164{padding-bottom: 10% !important;background-image: url(https:\/\/evanix.de\/wp-content\/uploads\/2021\/11\/diamant-1.jpg?id=27) !important;background-position: center !important;background-repeat: no-repeat !important;background-size: cover !important;}&#8220;][vc_column thb_color=&#8220;thb-light-column&#8220; el_class=&#8220;text-center&#8220;][vc_row_inner thb_row_padding=&#8220;true&#8220; el_class=&#8220;align-center&#8220;][vc_column_inner offset=&#8220;vc_col-lg-5 vc_col-md-8&#8243;][vc_column_text animation=&#8220;animation bottom-to-top&#8220;&hellip;<\/p>\n","protected":false},"author":1,"featured_media":0,"parent":0,"menu_order":0,"comment_status":"closed","ping_status":"closed","template":"","meta":{"footnotes":""},"class_list":["post-9","page","type-page","status-publish","hentry"],"_links":{"self":[{"href":"https:\/\/evanix.de\/index.php?rest_route=\/wp\/v2\/pages\/9","targetHints":{"allow":["GET"]}}],"collection":[{"href":"https:\/\/evanix.de\/index.php?rest_route=\/wp\/v2\/pages"}],"about":[{"href":"https:\/\/evanix.de\/index.php?rest_route=\/wp\/v2\/types\/page"}],"author":[{"embeddable":true,"href":"https:\/\/evanix.de\/index.php?rest_route=\/wp\/v2\/users\/1"}],"replies":[{"embeddable":true,"href":"https:\/\/evanix.de\/index.php?rest_route=%2Fwp%2Fv2%2Fcomments&post=9"}],"version-history":[{"count":303,"href":"https:\/\/evanix.de\/index.php?rest_route=\/wp\/v2\/pages\/9\/revisions"}],"predecessor-version":[{"id":410,"href":"https:\/\/evanix.de\/index.php?rest_route=\/wp\/v2\/pages\/9\/revisions\/410"}],"wp:attachment":[{"href":"https:\/\/evanix.de\/index.php?rest_route=%2Fwp%2Fv2%2Fmedia&parent=9"}],"curies":[{"name":"wp","href":"https:\/\/api.w.org\/{rel}","templated":true}]}}